{"id":942,"date":"2015-10-15T15:32:49","date_gmt":"2015-10-15T15:32:49","guid":{"rendered":"http:\/\/www.pretensadosarnal.com\/?page_id=942"},"modified":"2023-12-12T14:54:47","modified_gmt":"2023-12-12T14:54:47","slug":"servicios","status":"publish","type":"page","link":"https:\/\/www.pretensadosarnal.es\/es\/servicios\/","title":{"rendered":"Servicios"},"content":{"rendered":"\n<style type=\"text\/css\" data-created_by=\"avia_inline_auto\" id=\"style-css-av-jmpj5-17b4ab66b0d0b73fa45bbda00e7d9fb9\">\n#top .av-special-heading.av-jmpj5-17b4ab66b0d0b73fa45bbda00e7d9fb9{\npadding-bottom:0;\n}\nbody .av-special-heading.av-jmpj5-17b4ab66b0d0b73fa45bbda00e7d9fb9 .av-special-heading-tag .heading-char{\nfont-size:25px;\n}\n.av-special-heading.av-jmpj5-17b4ab66b0d0b73fa45bbda00e7d9fb9 .av-subheading{\nfont-size:15px;\n}\n<\/style>\n<div  class='av-special-heading av-jmpj5-17b4ab66b0d0b73fa45bbda00e7d9fb9 av-special-heading-h2 blockquote modern-quote modern-centered  avia-builder-el-0  el_before_av_hr  avia-builder-el-first '><h2 class='av-special-heading-tag '  itemprop=\"headline\"  >Nuestros Servicios<\/h2><div class=\"special-heading-border\"><div class=\"special-heading-inner-border\"><\/div><\/div><\/div>\n\n<style type=\"text\/css\" data-created_by=\"avia_inline_auto\" id=\"style-css-av-iqrgd-fb56101b014d249f06137eb672cbc9cf\">\n#top .hr.av-iqrgd-fb56101b014d249f06137eb672cbc9cf{\nmargin-top:5px;\nmargin-bottom:35px;\n}\n.hr.av-iqrgd-fb56101b014d249f06137eb672cbc9cf .hr-inner{\nwidth:50px;\nborder-color:#efbb20;\n}\n<\/style>\n<div  class='hr av-iqrgd-fb56101b014d249f06137eb672cbc9cf hr-custom  avia-builder-el-1  el_after_av_heading  el_before_av_one_third  hr-center hr-icon-no'><span class='hr-inner inner-border-av-border-fat'><span class=\"hr-inner-style\"><\/span><\/span><\/div>\n<p>\n<style type=\"text\/css\" data-created_by=\"avia_inline_auto\" id=\"style-css-av-18rft-c6a55f082cf3af3a0a50e8e4325a916e\">\n.flex_column.av-18rft-c6a55f082cf3af3a0a50e8e4325a916e{\nborder-radius:0px 0px 0px 0px;\npadding:0px 0px 0px 0px;\n}\n<\/style>\n<div  class='flex_column av-18rft-c6a55f082cf3af3a0a50e8e4325a916e av_one_third  avia-builder-el-2  el_after_av_hr  el_before_av_one_third  first flex_column_div av-animated-generic bottom-to-top av-zero-column-padding  '     ><p>\n<style type=\"text\/css\" data-created_by=\"avia_inline_auto\" id=\"style-css-av-r0ml-8812c8cfee4fe5c93fa213396a005b3a\">\n.avia-image-container.av-r0ml-8812c8cfee4fe5c93fa213396a005b3a img.avia_image{\nbox-shadow:none;\n}\n.avia-image-container.av-r0ml-8812c8cfee4fe5c93fa213396a005b3a .av-image-caption-overlay-center{\ncolor:#ffffff;\n}\n<\/style>\n<div  class='avia-image-container av-r0ml-8812c8cfee4fe5c93fa213396a005b3a av-styling-no-styling av-img-linked avia-align-center  avia-builder-el-3  el_before_av_heading  avia-builder-el-first '   itemprop=\"image\" itemscope=\"itemscope\" itemtype=\"https:\/\/schema.org\/ImageObject\" ><div class=\"avia-image-container-inner\"><div class=\"avia-image-overlay-wrap\"><img decoding=\"async\" fetchpriority=\"high\" class='wp-image-649 avia-img-lazy-loading-not-649 avia_image ' src=\"https:\/\/www.pretensadosarnal.es\/wp-content\/uploads\/2015\/10\/scale-ruler-on-blueprints-845x321.jpg\" alt='assesorament tecnic' title='Scale Ruler on Blueprints'  height=\"321\" width=\"845\"  itemprop=\"thumbnailUrl\"  \/><\/div><\/div><\/div><br \/>\n\n<style type=\"text\/css\" data-created_by=\"avia_inline_auto\" id=\"style-css-av-b6kdp-762e8e9c920f0adddadf1ca91d04a81e\">\n#top .av-special-heading.av-b6kdp-762e8e9c920f0adddadf1ca91d04a81e{\npadding-bottom:0;\n}\nbody .av-special-heading.av-b6kdp-762e8e9c920f0adddadf1ca91d04a81e .av-special-heading-tag .heading-char{\nfont-size:25px;\n}\n.av-special-heading.av-b6kdp-762e8e9c920f0adddadf1ca91d04a81e .av-subheading{\nfont-size:15px;\n}\n<\/style>\n<div  class='av-special-heading av-b6kdp-762e8e9c920f0adddadf1ca91d04a81e av-special-heading-h3 blockquote modern-quote  avia-builder-el-4  el_after_av_image  el_before_av_hr '><h3 class='av-special-heading-tag '  itemprop=\"headline\"  >Asesoramiento T\u00e9cnico<\/h3><div class=\"special-heading-border\"><div class=\"special-heading-inner-border\"><\/div><\/div><\/div><br \/>\n\n<style type=\"text\/css\" data-created_by=\"avia_inline_auto\" id=\"style-css-av-122up-16d0949185e3f494679d2b789248b2f6\">\n#top .hr.av-122up-16d0949185e3f494679d2b789248b2f6{\nmargin-top:10px;\nmargin-bottom:10px;\n}\n.hr.av-122up-16d0949185e3f494679d2b789248b2f6 .hr-inner{\nwidth:50px;\nborder-color:#efbb20;\n}\n<\/style>\n<div  class='hr av-122up-16d0949185e3f494679d2b789248b2f6 hr-custom  avia-builder-el-5  el_after_av_heading  el_before_av_textblock  hr-left hr-icon-no'><span class='hr-inner inner-border-av-border-fat'><span class=\"hr-inner-style\"><\/span><\/span><\/div><br \/>\n<section  class='av_textblock_section av-9suvh-d652de39a033cf4ac2000accff8ebcf0 '   itemscope=\"itemscope\" itemtype=\"https:\/\/schema.org\/CreativeWork\" ><div class='avia_textblock'  itemprop=\"text\" ><p>Pretensades Arnal dispone de una oficina t\u00e9cnica con ingenieros y t\u00e9cnicos calificados que realizan los c\u00e1lculos, dise\u00f1os y planos de los proyectos que llevamos a cabo.<\/p>\n<p>Tenemos la capacidad de encontrar la mejor soluci\u00f3n y trabajar junto a los arquitectos y t\u00e9cnicos autores de los proyectos para dar al cliente un resultado final satisfactorio y adaptado a sus necesidades.<\/p>\n<p>Nuestro departamento t\u00e9cnico ofrece asesoramiento t\u00e9cnico y c\u00e1lculo de elementos lineales a nuestros clientes y t\u00e9cnicos competentes para dimensionar adecuadamente una estructura plana o cubierta con pendiente.<\/p>\n<\/div><\/section><\/p><\/div>\n<style type=\"text\/css\" data-created_by=\"avia_inline_auto\" id=\"style-css-av-i739x-8a9afb6dc9eca24ae900872cd5f0c05d\">\n.flex_column.av-i739x-8a9afb6dc9eca24ae900872cd5f0c05d{\nborder-radius:0px 0px 0px 0px;\npadding:0px 0px 0px 0px;\n}\n<\/style>\n<div  class='flex_column av-i739x-8a9afb6dc9eca24ae900872cd5f0c05d av_one_third  avia-builder-el-7  el_after_av_one_third  el_before_av_one_third  flex_column_div av-animated-generic bottom-to-top av-zero-column-padding  '     ><p>\n<style type=\"text\/css\" data-created_by=\"avia_inline_auto\" id=\"style-css-av-hf5n5-0354415df225b7dbb5727ac5fd972649\">\n.avia-image-container.av-hf5n5-0354415df225b7dbb5727ac5fd972649 img.avia_image{\nbox-shadow:none;\n}\n.avia-image-container.av-hf5n5-0354415df225b7dbb5727ac5fd972649 .av-image-caption-overlay-center{\ncolor:#ffffff;\n}\n<\/style>\n<div  class='avia-image-container av-hf5n5-0354415df225b7dbb5727ac5fd972649 av-styling-no-styling av-img-linked avia-align-center  avia-builder-el-8  el_before_av_heading  avia-builder-el-first '   itemprop=\"image\" itemscope=\"itemscope\" itemtype=\"https:\/\/schema.org\/ImageObject\" ><div class=\"avia-image-container-inner\"><div class=\"avia-image-overlay-wrap\"><a href=\"https:\/\/www.pretensadosarnal.es\/es\/accesibilidad\/\" class='avia_image '  aria-label='transport'><img decoding=\"async\" fetchpriority=\"high\" class='wp-image-1792 avia-img-lazy-loading-not-1792 avia_image ' src=\"https:\/\/www.pretensadosarnal.es\/wp-content\/uploads\/2023\/12\/transport.png\" alt='transport' title='transport'  height=\"321\" width=\"845\"  itemprop=\"thumbnailUrl\" srcset=\"https:\/\/www.pretensadosarnal.es\/wp-content\/uploads\/2023\/12\/transport.png 845w, https:\/\/www.pretensadosarnal.es\/wp-content\/uploads\/2023\/12\/transport-300x114.png 300w, https:\/\/www.pretensadosarnal.es\/wp-content\/uploads\/2023\/12\/transport-768x292.png 768w, https:\/\/www.pretensadosarnal.es\/wp-content\/uploads\/2023\/12\/transport-705x268.png 705w\" sizes=\"(max-width: 845px) 100vw, 845px\" \/><\/a><\/div><\/div><\/div><br \/>\n\n<style type=\"text\/css\" data-created_by=\"avia_inline_auto\" id=\"style-css-av-gskoh-6e24ca94600ec541a6c497cc233f358f\">\n#top .av-special-heading.av-gskoh-6e24ca94600ec541a6c497cc233f358f{\npadding-bottom:0;\n}\nbody .av-special-heading.av-gskoh-6e24ca94600ec541a6c497cc233f358f .av-special-heading-tag .heading-char{\nfont-size:25px;\n}\n.av-special-heading.av-gskoh-6e24ca94600ec541a6c497cc233f358f .av-subheading{\nfont-size:15px;\n}\n<\/style>\n<div  class='av-special-heading av-gskoh-6e24ca94600ec541a6c497cc233f358f av-special-heading-h3 blockquote modern-quote  avia-builder-el-9  el_after_av_image  el_before_av_hr '><h3 class='av-special-heading-tag '  itemprop=\"headline\"  >Transporte<\/h3><div class=\"special-heading-border\"><div class=\"special-heading-inner-border\"><\/div><\/div><\/div><br \/>\n\n<style type=\"text\/css\" data-created_by=\"avia_inline_auto\" id=\"style-css-av-gb4wh-5e63c9936a30b4dcdf8fdaece613b848\">\n#top .hr.av-gb4wh-5e63c9936a30b4dcdf8fdaece613b848{\nmargin-top:10px;\nmargin-bottom:10px;\n}\n.hr.av-gb4wh-5e63c9936a30b4dcdf8fdaece613b848 .hr-inner{\nwidth:50px;\nborder-color:#efbb20;\n}\n<\/style>\n<div  class='hr av-gb4wh-5e63c9936a30b4dcdf8fdaece613b848 hr-custom  avia-builder-el-10  el_after_av_heading  el_before_av_textblock  hr-left hr-icon-no'><span class='hr-inner inner-border-av-border-fat'><span class=\"hr-inner-style\"><\/span><\/span><\/div><br \/>\n<section  class='av_textblock_section av-5my9-6d6428c5fcac470a7115972aced2f7d4 '   itemscope=\"itemscope\" itemtype=\"https:\/\/schema.org\/CreativeWork\" ><div class='avia_textblock'  itemprop=\"text\" ><p>Pretensadas Arnal cuenta con servicio de transporte para su producci\u00f3n. Con una flota de tres camiones de distintas dimensiones, se adapta a cualquier tipo de carga.<\/p>\n<p>Todos los veh\u00edculos disponen de gr\u00faa propulsada para realizar la auto-descarga del material en obra, as\u00ed como ofrecer la experiencia del servicio de gr\u00faa a terceros.<\/p>\n<\/div><\/section><\/p><\/div>\n<style type=\"text\/css\" data-created_by=\"avia_inline_auto\" id=\"style-css-av-eykod-dae2c1a39a2da4f32509266af43d7b62\">\n.flex_column.av-eykod-dae2c1a39a2da4f32509266af43d7b62{\nborder-radius:0px 0px 0px 0px;\npadding:0px 0px 0px 0px;\n}\n<\/style>\n<div  class='flex_column av-eykod-dae2c1a39a2da4f32509266af43d7b62 av_one_third  avia-builder-el-12  el_after_av_one_third  avia-builder-el-last  flex_column_div av-animated-generic bottom-to-top av-zero-column-padding  '     ><p>\n<style type=\"text\/css\" data-created_by=\"avia_inline_auto\" id=\"style-css-av-esr9h-24c6485974b5d7bf77bf33edaadba5f6\">\n.avia-image-container.av-esr9h-24c6485974b5d7bf77bf33edaadba5f6 img.avia_image{\nbox-shadow:none;\n}\n.avia-image-container.av-esr9h-24c6485974b5d7bf77bf33edaadba5f6 .av-image-caption-overlay-center{\ncolor:#ffffff;\n}\n<\/style>\n<div  class='avia-image-container av-esr9h-24c6485974b5d7bf77bf33edaadba5f6 av-styling-no-styling av-img-linked avia-align-center  avia-builder-el-13  el_before_av_heading  avia-builder-el-first '   itemprop=\"image\" itemscope=\"itemscope\" itemtype=\"https:\/\/schema.org\/ImageObject\" ><div class=\"avia-image-container-inner\"><div class=\"avia-image-overlay-wrap\"><a href=\"https:\/\/www.pretensadosarnal.es\/es\/accesibilidad\/\" class='avia_image '  aria-label='muntatge'><img decoding=\"async\" fetchpriority=\"high\" class='wp-image-1794 avia-img-lazy-loading-not-1794 avia_image ' src=\"https:\/\/www.pretensadosarnal.es\/wp-content\/uploads\/2023\/12\/muntatge.png\" alt='muntatge' title='muntatge'  height=\"321\" width=\"845\"  itemprop=\"thumbnailUrl\" srcset=\"https:\/\/www.pretensadosarnal.es\/wp-content\/uploads\/2023\/12\/muntatge.png 845w, https:\/\/www.pretensadosarnal.es\/wp-content\/uploads\/2023\/12\/muntatge-300x114.png 300w, https:\/\/www.pretensadosarnal.es\/wp-content\/uploads\/2023\/12\/muntatge-768x292.png 768w, https:\/\/www.pretensadosarnal.es\/wp-content\/uploads\/2023\/12\/muntatge-705x268.png 705w\" sizes=\"(max-width: 845px) 100vw, 845px\" \/><\/a><\/div><\/div><\/div><br \/>\n\n<style type=\"text\/css\" data-created_by=\"avia_inline_auto\" id=\"style-css-av-dukph-f16ba09c5fa2c46227e69892c0c55f28\">\n#top .av-special-heading.av-dukph-f16ba09c5fa2c46227e69892c0c55f28{\npadding-bottom:0;\n}\nbody .av-special-heading.av-dukph-f16ba09c5fa2c46227e69892c0c55f28 .av-special-heading-tag .heading-char{\nfont-size:25px;\n}\n.av-special-heading.av-dukph-f16ba09c5fa2c46227e69892c0c55f28 .av-subheading{\nfont-size:15px;\n}\n<\/style>\n<div  class='av-special-heading av-dukph-f16ba09c5fa2c46227e69892c0c55f28 av-special-heading-h3 blockquote modern-quote  avia-builder-el-14  el_after_av_image  el_before_av_hr '><h3 class='av-special-heading-tag '  itemprop=\"headline\"  >Montaje<\/h3><div class=\"special-heading-border\"><div class=\"special-heading-inner-border\"><\/div><\/div><\/div><br \/>\n\n<style type=\"text\/css\" data-created_by=\"avia_inline_auto\" id=\"style-css-av-dfc0p-64b47c85dec5b68479d734366eaaab96\">\n#top .hr.av-dfc0p-64b47c85dec5b68479d734366eaaab96{\nmargin-top:10px;\nmargin-bottom:10px;\n}\n.hr.av-dfc0p-64b47c85dec5b68479d734366eaaab96 .hr-inner{\nwidth:50px;\nborder-color:#efbb20;\n}\n<\/style>\n<div  class='hr av-dfc0p-64b47c85dec5b68479d734366eaaab96 hr-custom  avia-builder-el-15  el_after_av_heading  el_before_av_textblock  hr-left hr-icon-no'><span class='hr-inner inner-border-av-border-fat'><span class=\"hr-inner-style\"><\/span><\/span><\/div><br \/>\n<section  class='av_textblock_section av-d0qh9-a296457bf328e97c566b1e413d880b4f '   itemscope=\"itemscope\" itemtype=\"https:\/\/schema.org\/CreativeWork\" ><div class='avia_textblock'  itemprop=\"text\" ><p>Pretensadas Arnal cuenta con personal cualificado que forman los equipos encargados del montaje del material prefabricado de los distintos proyectos que ejecutamos.<\/p>\n<p>Estos equipos disponen de la formaci\u00f3n adecuada y actualizada en cada momento para su puesto de trabajo y bajo el amparo del servicio de prevenci\u00f3n ajeno SP Activa Mutua.<\/p>\n<\/div><\/section><\/p><\/div><\/p>\n","protected":false},"excerpt":{"rendered":"","protected":false},"author":1,"featured_media":0,"parent":0,"menu_order":0,"comment_status":"closed","ping_status":"closed","template":"","meta":{"_acf_changed":false,"footnotes":""},"class_list":["post-942","page","type-page","status-publish","hentry"],"acf":[],"yoast_head":"<!-- This site is optimized with the Yoast SEO plugin v27.4 - https:\/\/yoast.com\/product\/yoast-seo-wordpress\/ -->\n<title>Servicios - Pretensados Arnal<\/title>\n<meta name=\"robots\" content=\"index, follow, max-snippet:-1, max-image-preview:large, max-video-preview:-1\" \/>\n<link rel=\"canonical\" href=\"https:\/\/www.pretensadosarnal.es\/es\/servicios\/\" \/>\n<meta property=\"og:locale\" content=\"es_ES\" \/>\n<meta property=\"og:type\" content=\"article\" \/>\n<meta property=\"og:title\" content=\"Servicios - Pretensados Arnal\" \/>\n<meta property=\"og:url\" content=\"https:\/\/www.pretensadosarnal.es\/es\/servicios\/\" \/>\n<meta property=\"og:site_name\" content=\"Pretensados Arnal\" \/>\n<meta property=\"article:modified_time\" content=\"2023-12-12T14:54:47+00:00\" \/>\n<meta name=\"twitter:card\" content=\"summary_large_image\" \/>\n<meta name=\"twitter:label1\" content=\"Tiempo de lectura\" \/>\n\t<meta name=\"twitter:data1\" content=\"4 minutos\" \/>\n<script type=\"application\/ld+json\" class=\"yoast-schema-graph\">{\"@context\":\"https:\\\/\\\/schema.org\",\"@graph\":[{\"@type\":\"WebPage\",\"@id\":\"https:\\\/\\\/www.pretensadosarnal.es\\\/es\\\/servicios\\\/\",\"url\":\"https:\\\/\\\/www.pretensadosarnal.es\\\/es\\\/servicios\\\/\",\"name\":\"Servicios - Pretensados Arnal\",\"isPartOf\":{\"@id\":\"https:\\\/\\\/www.pretensadosarnal.es\\\/es\\\/#website\"},\"datePublished\":\"2015-10-15T15:32:49+00:00\",\"dateModified\":\"2023-12-12T14:54:47+00:00\",\"breadcrumb\":{\"@id\":\"https:\\\/\\\/www.pretensadosarnal.es\\\/es\\\/servicios\\\/#breadcrumb\"},\"inLanguage\":\"es\",\"potentialAction\":[{\"@type\":\"ReadAction\",\"target\":[\"https:\\\/\\\/www.pretensadosarnal.es\\\/es\\\/servicios\\\/\"]}]},{\"@type\":\"BreadcrumbList\",\"@id\":\"https:\\\/\\\/www.pretensadosarnal.es\\\/es\\\/servicios\\\/#breadcrumb\",\"itemListElement\":[{\"@type\":\"ListItem\",\"position\":1,\"name\":\"Portada\",\"item\":\"https:\\\/\\\/www.pretensadosarnal.es\\\/es\\\/home-2\\\/\"},{\"@type\":\"ListItem\",\"position\":2,\"name\":\"Servicios\"}]},{\"@type\":\"WebSite\",\"@id\":\"https:\\\/\\\/www.pretensadosarnal.es\\\/es\\\/#website\",\"url\":\"https:\\\/\\\/www.pretensadosarnal.es\\\/es\\\/\",\"name\":\"Pretensados Arnal\",\"description\":\"F\u00e1brica de elementos para la construcci\u00f3n. Prefabricados de calidad.\",\"potentialAction\":[{\"@type\":\"SearchAction\",\"target\":{\"@type\":\"EntryPoint\",\"urlTemplate\":\"https:\\\/\\\/www.pretensadosarnal.es\\\/es\\\/?s={search_term_string}\"},\"query-input\":{\"@type\":\"PropertyValueSpecification\",\"valueRequired\":true,\"valueName\":\"search_term_string\"}}],\"inLanguage\":\"es\"}]}<\/script>\n<!-- \/ Yoast SEO plugin. -->","yoast_head_json":{"title":"Servicios - Pretensados Arnal","robots":{"index":"index","follow":"follow","max-snippet":"max-snippet:-1","max-image-preview":"max-image-preview:large","max-video-preview":"max-video-preview:-1"},"canonical":"https:\/\/www.pretensadosarnal.es\/es\/servicios\/","og_locale":"es_ES","og_type":"article","og_title":"Servicios - Pretensados Arnal","og_url":"https:\/\/www.pretensadosarnal.es\/es\/servicios\/","og_site_name":"Pretensados Arnal","article_modified_time":"2023-12-12T14:54:47+00:00","twitter_card":"summary_large_image","twitter_misc":{"Tiempo de lectura":"4 minutos"},"schema":{"@context":"https:\/\/schema.org","@graph":[{"@type":"WebPage","@id":"https:\/\/www.pretensadosarnal.es\/es\/servicios\/","url":"https:\/\/www.pretensadosarnal.es\/es\/servicios\/","name":"Servicios - Pretensados Arnal","isPartOf":{"@id":"https:\/\/www.pretensadosarnal.es\/es\/#website"},"datePublished":"2015-10-15T15:32:49+00:00","dateModified":"2023-12-12T14:54:47+00:00","breadcrumb":{"@id":"https:\/\/www.pretensadosarnal.es\/es\/servicios\/#breadcrumb"},"inLanguage":"es","potentialAction":[{"@type":"ReadAction","target":["https:\/\/www.pretensadosarnal.es\/es\/servicios\/"]}]},{"@type":"BreadcrumbList","@id":"https:\/\/www.pretensadosarnal.es\/es\/servicios\/#breadcrumb","itemListElement":[{"@type":"ListItem","position":1,"name":"Portada","item":"https:\/\/www.pretensadosarnal.es\/es\/home-2\/"},{"@type":"ListItem","position":2,"name":"Servicios"}]},{"@type":"WebSite","@id":"https:\/\/www.pretensadosarnal.es\/es\/#website","url":"https:\/\/www.pretensadosarnal.es\/es\/","name":"Pretensados Arnal","description":"F\u00e1brica de elementos para la construcci\u00f3n. Prefabricados de calidad.","potentialAction":[{"@type":"SearchAction","target":{"@type":"EntryPoint","urlTemplate":"https:\/\/www.pretensadosarnal.es\/es\/?s={search_term_string}"},"query-input":{"@type":"PropertyValueSpecification","valueRequired":true,"valueName":"search_term_string"}}],"inLanguage":"es"}]}},"_links":{"self":[{"href":"https:\/\/www.pretensadosarnal.es\/es\/wp-json\/wp\/v2\/pages\/942","targetHints":{"allow":["GET"]}}],"collection":[{"href":"https:\/\/www.pretensadosarnal.es\/es\/wp-json\/wp\/v2\/pages"}],"about":[{"href":"https:\/\/www.pretensadosarnal.es\/es\/wp-json\/wp\/v2\/types\/page"}],"author":[{"embeddable":true,"href":"https:\/\/www.pretensadosarnal.es\/es\/wp-json\/wp\/v2\/users\/1"}],"replies":[{"embeddable":true,"href":"https:\/\/www.pretensadosarnal.es\/es\/wp-json\/wp\/v2\/comments?post=942"}],"version-history":[{"count":12,"href":"https:\/\/www.pretensadosarnal.es\/es\/wp-json\/wp\/v2\/pages\/942\/revisions"}],"predecessor-version":[{"id":1801,"href":"https:\/\/www.pretensadosarnal.es\/es\/wp-json\/wp\/v2\/pages\/942\/revisions\/1801"}],"wp:attachment":[{"href":"https:\/\/www.pretensadosarnal.es\/es\/wp-json\/wp\/v2\/media?parent=942"}],"curies":[{"name":"wp","href":"https:\/\/api.w.org\/{rel}","templated":true}]}}